{"id":8,"date":"2024-01-06T12:43:22","date_gmt":"2024-01-06T11:43:22","guid":{"rendered":"https:\/\/tucochedealemania.com\/?page_id=8"},"modified":"2024-01-06T12:44:04","modified_gmt":"2024-01-06T11:44:04","slug":"sobre-nosotros","status":"publish","type":"page","link":"https:\/\/tucochedealemania.com\/?page_id=8","title":{"rendered":"Sobre Nosotros"},"content":{"rendered":"\n<p>Somos una empresa con m\u00e1s de 20 a\u00f1os de experiencia en el sector de la automoci\u00f3n. Nuestra misi\u00f3n principal es la importaci\u00f3n de todo tipo de veh\u00edculos desde Alemania y otros pa\u00edses europeos.<\/p>\n\n\n\n<p>Contamos con un servicio dedicado exclusivamente al cliente, de manera completa y directa en la gesti\u00f3n e intermediaci\u00f3n en la compra de coches. Importamos coches directamente de Alemania y de otros pa\u00edses europeos, incluso desde EEUU. De tal modo que cualquier particular o empresa que desee&nbsp;<strong>importar un coche<\/strong>&nbsp;pueda, por s\u00ed mismo traer directamente un coche de Alemania o de cualquier parte&nbsp;del mundo con total seguridad a la hora de la negociaci\u00f3n, documentaci\u00f3n, pago y transporte.<\/p>\n\n\n\n<p>T<strong>e ayudamos a gestionar la importaci\u00f3n de tu veh\u00edculo<\/strong>&nbsp;con total seguridad y con todas las garant\u00edas.<\/p>\n\n\n\n<p>Tenemos experiencia en la importaci\u00f3n de cualquier tipo de veh\u00edculos, ya sean coches, motos, camiones, furgonetas o auto caravanas.<\/p>\n\n\n\n<p>Ofrecemos la m\u00e1xima&nbsp;<strong>seguridad, transparencia y garant\u00eda<\/strong>&nbsp;en la mediaci\u00f3n y en el trato entre comprador y vendedor (concesionarios o particulares). Damos un asesoramiento continuo, revisamos la documentaci\u00f3n, comprobaci\u00f3n de libros de revisiones e historial, cartas de homologaci\u00f3n, ITV e inspecciones t\u00e9cnicas y autorizaciones de carga.<\/p>\n\n\n\n<p>Nos encargamos de todos los&nbsp; tr\u00e1mites necesarios para el transporte y la entrega en Espa\u00f1a o en cualquier otro pa\u00eds, directamente en el domicilio del cliente final.<\/p>\n\n\n\n<p>Contamos&nbsp; para ello con un amplio soporte y equipo de profesionales en Espa\u00f1a, Alemania, Francia e Italia, altamente capacitados y cualificados, con una dilatada experiencia en el sector de la importaci\u00f3n de coches. Nos esforzamos en ofrecer el mejor servicio y en responder eficazmente y con la m\u00e1xima dedicaci\u00f3n a las necesidades de nuestros clientes.<\/p>\n\n\n\n<p>Tenemos un \u00fanico objetivo, que puedas comprar tu coche con sencillez, confort y seguridad.<\/p>\n","protected":false},"excerpt":{"rendered":"<p>Somos una empresa con m\u00e1s de 20 a\u00f1os de experiencia en el sector de la [&hellip;]<\/p>\n","protected":false},"author":1,"featured_media":0,"parent":0,"menu_order":0,"comment_status":"closed","ping_status":"closed","template":"","meta":{"_regular_price":[],"currency_symbol":[],"footnotes":""},"post_slider_layout_featured_media_urls":{"thumbnail":"","post_slider_layout_landscape_large":"","post_slider_layout_portrait_large":"","post_slider_layout_square_large":"","post_slider_layout_landscape":"","post_slider_layout_portrait":"","post_slider_layout_square":"","full":""},"_links":{"self":[{"href":"https:\/\/tucochedealemania.com\/index.php?rest_route=\/wp\/v2\/pages\/8"}],"collection":[{"href":"https:\/\/tucochedealemania.com\/index.php?rest_route=\/wp\/v2\/pages"}],"about":[{"href":"https:\/\/tucochedealemania.com\/index.php?rest_route=\/wp\/v2\/types\/page"}],"author":[{"embeddable":true,"href":"https:\/\/tucochedealemania.com\/index.php?rest_route=\/wp\/v2\/users\/1"}],"replies":[{"embeddable":true,"href":"https:\/\/tucochedealemania.com\/index.php?rest_route=%2Fwp%2Fv2%2Fcomments&post=8"}],"version-history":[{"count":1,"href":"https:\/\/tucochedealemania.com\/index.php?rest_route=\/wp\/v2\/pages\/8\/revisions"}],"predecessor-version":[{"id":13,"href":"https:\/\/tucochedealemania.com\/index.php?rest_route=\/wp\/v2\/pages\/8\/revisions\/13"}],"wp:attachment":[{"href":"https:\/\/tucochedealemania.com\/index.php?rest_route=%2Fwp%2Fv2%2Fmedia&parent=8"}],"curies":[{"name":"wp","href":"https:\/\/api.w.org\/{rel}","templated":true}]}}